{"id":2962,"date":"2008-02-18T16:24:11","date_gmt":"2008-02-18T23:24:11","guid":{"rendered":"http:\/\/www.nopor.to\/about-2\/"},"modified":"2008-02-18T16:24:11","modified_gmt":"2008-02-18T23:24:11","slug":"about-2","status":"publish","type":"page","link":"https:\/\/osmeusapontamentos.com\/index.php\/about-2\/","title":{"rendered":"Curriculo"},"content":{"rendered":"<p>Perfil no Linkedin:\u00a0<a href=\"http:\/\/pt.linkedin.com\/in\/vitormrsilva\">http:\/\/pt.linkedin.com\/in\/vitormrsilva<\/a><\/p>\n<h2>Experi\u00eancia profissional<\/h2>\n<h3>Junho 2012 \/ Hoje\u00a0<a href=\"http:\/\/www.samsys.pt\/\">Samsys<\/a><\/h3>\n<ul>\n<li>Gest\u00e3o da equipa de Comunica\u00e7\u00e3o e Desenvolvimento<\/li>\n<\/ul>\n<h3>Julho 2008 \/ Junho 2012\u00a0<a href=\"http:\/\/www.primaverabss.com\/\">PRIMAVERA BSS<\/a><\/h3>\n<ul>\n<li>Desenvolvimento de software: Web-based Applications baseadas na framework Primavera (.NET)<\/li>\n<\/ul>\n<h3>Janeiro 2005 \/ Junho 2008\u00a0<a href=\"http:\/\/www.infos.pt\/\">Infos S.A.<\/a><\/h3>\n<ul>\n<li>Desenvolvimento de software: Web-based Applications | Aplica\u00e7\u00f5es desktop (.NET, win32)<\/li>\n<li>Ferramentas di\u00e1rias: Visual Studio 2005, SQL 2005, Red Gate SQL Compare, Subversion, Nunit<\/li>\n<\/ul>\n<h3>Setembro 2000 \/ Dezembro 2004 <a href=\"http:\/\/web.archive.org\/web\/20060202014550\/www.amaisb.pt\/temporario2\/default.asp\">A+B Design e Desenvolvimento de Software, Lda<\/a>.<\/h3>\n<ul>\n<li>Desenvolvimento de projectos na \u00e1rea das novas tecnologias: Internet | Intranet | Multim\u00e9dia<\/li>\n<li>Desenvolvimento de software: Web-based Applications | Aplica\u00e7\u00f5es desktop (.NET, win32)<\/li>\n<li>S\u00f3cio-Gerente<\/li>\n<\/ul>\n<h3>1999 \/ 2000 Bureau, Lda.<\/h3>\n<ul>\n<li>Desenvolvimento de projectos na \u00e1rea das novas tecnologias: Internet<\/li>\n<\/ul>\n<h3>Setembro 1997 \/ Mar\u00e7o 2001 <a href=\"http:\/\/www.dre-norte.min-economia.pt\/\">Minist\u00e9rio da Economia &#8211; Direcc\u00e7\u00e3o Regional do Norte<\/a><\/h3>\n<ul>\n<li>Desenvolvimento de software: Web-based Applications | Aplica\u00e7\u00f5es desktop (win32)<\/li>\n<\/ul>\n<h2>Compet\u00eancias<\/h2>\n<ul>\n<li><strong>Mar\u00e7o 2006 <a href=\"http:\/\/www.rumos.pt\/\">Rumos<\/a><\/strong><br \/>\nCertifica\u00e7\u00e3o &#8211; Microsoft CRM 3.0 Installation and Configuration<\/li>\n<li><strong>2005\/2006 <a href=\"http:\/\/www.aeflup.com\">AEFLUP<\/a><\/strong><br \/>\nCursos Livres de Espanhol nivel I e II<\/li>\n<li><strong>Novembro 1999 \/ Janeiro 2000 <a href=\"http:\/\/www.iiporto.com\/\">Instituto de Inform\u00e1tica do Porto<\/a><\/strong><br \/>\nAc\u00e7\u00e3o de Forma\u00e7\u00e3o Profissional &#8220;Forma\u00e7\u00e3o Pedag\u00f3gica Inicial de Formadores&#8221;. Certificado n\u00ba EDF 26834\/2001 DN v\u00e1lido at\u00e9 10-11-2009.<\/li>\n<li><strong>1993 \/ 1997 <a href=\"http:\/\/www.uportu.pt\/\">Universidade Portucalense<\/a>, Departamento de Inform\u00e1tica<\/strong><br \/>\nLicenciatura em Inform\u00e1tica de Gest\u00e3o. M\u00e9dia de 13 valores.<\/li>\n<\/ul>\n<h2>Formador<\/h2>\n<ul>\n<li><strong>2006 <a href=\"http:\/\/www.infos.pt\/\">Infos S.A.<\/a><\/strong><br \/>\nIntegrando Progress e .Net (8h)<br \/>\nIncluiu desenvolvimento de conte\u00fados espec\u00edficos<\/li>\n<\/ul>\n<ul>\n<li><strong>2005 <a href=\"http:\/\/www.infos.pt\/\">Infos S.A.<\/a><\/strong><br \/>\nVB.Net &#8211; Introdu\u00e7\u00e3o (44h)<br \/>\nIncluiu desenvolvimento de conte\u00fados espec\u00edficos<\/li>\n<\/ul>\n<ul>\n<li><strong>Outubro 2003 <a href=\"http:\/\/www.rumos.pt\/\">Rumos<\/a><\/strong><br \/>\nFormador na Ac\u00e7\u00e3o de Forma\u00e7\u00e3o &#8211; Ciclo de Especialistas Internet, m\u00f3dulo &#8220;Projecto&#8221; (21 horas)<\/li>\n<\/ul>\n<ul>\n<li><strong>Novembro 2002 <a href=\"http:\/\/www.rumos.pt\/\">Rumos<\/a><\/strong><br \/>\nFormador na Ac\u00e7\u00e3o de Forma\u00e7\u00e3o &#8220;Especialistas em Tecnologias para a Internet&#8221;, m\u00f3dulo &#8220;Construir Aplica\u00e7\u00f5es Usando XML&#8221; (32 horas)<\/li>\n<\/ul>\n<ul>\n<li><strong>Dezembro 1997 <a href=\"http:\/\/www.psicoforma.pt\">Psico-Forma<\/a><\/strong><br \/>\nForma\u00e7\u00e3o Access 97<\/li>\n<\/ul>\n<h2>Forma\u00e7\u00e3o Profissional<\/h2>\n<ul>\n<li><strong>Junho 2013 &#8211; ISPGaya<\/strong><br \/>\nForma\u00e7\u00e3o Android<\/li>\n<li><strong>2010? &#8211; Rumos<\/strong><br \/>\nForma\u00e7\u00e3o ITIL<\/li>\n<li><strong>Abril 2008 <a href=\"http:\/\/www.audienciazero.org\/ \">Audi\u00eancia Zero<\/a>.<\/strong><br \/>\nWorkshop de Sensores.<\/li>\n<li><strong>Mar\u00e7o 2008 <a href=\"http:\/\/www.audienciazero.org\/ \">Audi\u00eancia Zero<\/a>.<\/strong><br \/>\nWorkshop de Openframeworks.<\/li>\n<li><strong>Junho 2006 <a href=\"http:\/\/www.cesae.pt\/\">CESAE<\/a><\/strong><br \/>\nASPX<\/li>\n<li><strong>Dezembro 2005 <a href=\"http:\/\/www.infos.pt\/\">Infos S.A.<\/a><\/strong><a href=\"http:\/\/www.infos.pt\/\"><br \/>\n<\/a>Progress Avan\u00e7ado I<\/li>\n<li><strong>Janeiro 2005 <a href=\"http:\/\/www.infos.pt\/\">Infos S.A.<\/a><\/strong><br \/>\nProgress &#8211; Programa\u00e7\u00e3o 4GL<\/li>\n<li><strong>Outubro 2003 \/ Dezembro 2003 <a href=\"http:\/\/www.porlande.pt\/\">Porlande &#8211; Inform\u00e1tica, Lda<\/a>.<\/strong><br \/>\nAc\u00e7\u00e3o de Forma\u00e7\u00e3o Profissional &#8220;Estrat\u00e9gias de Marketing na Internet&#8221;.<\/li>\n<li><strong>Outubro 2002 \/ Janeiro 2003 <a href=\"http:\/\/www.rumos.pt\/\">Rumos<\/a><\/strong><br \/>\nAc\u00e7\u00e3o de Forma\u00e7\u00e3o Profissional &#8220;Ciclo Administra\u00e7\u00e3o de Sistemas e Redes&#8221;.<\/li>\n<\/ul>\n<h2>Forma\u00e7\u00e3o Acad\u00e9mica Pr\u00e9-Universit\u00e1ria<\/h2>\n<ul>\n<li><strong>1992\/1993 Escola Secund\u00e1ria Oliveira Martins<\/strong><br \/>\n12\u00ba Ano de Escolaridade, 2\u00ba Curso &#8211; Via ensino.<br \/>\nM\u00e9dia de 17 valores.<\/li>\n<li><strong>1990\/1992 Escola Secund\u00e1ria Oliveira Martins<\/strong><br \/>\n10\u00ba-11\u00ba Ano de Escolaridade, \u00c1rea C, Vocacional de Inform\u00e1tica.<br \/>\nM\u00e9dia de 15 valores.<\/li>\n<\/ul>\n<p>Download <a href=\"https:\/\/osmeusapontamentos.com\/cv_vitorsilva.pdf\">Curriculo vers\u00e3o pdf<\/a><\/p>\n","protected":false},"excerpt":{"rendered":"<p>Perfil no Linkedin:\u00a0http:\/\/pt.linkedin.com\/in\/vitormrsilva Experi\u00eancia profissional Junho 2012 \/ Hoje\u00a0Samsys Gest\u00e3o da equipa de Comunica\u00e7\u00e3o e Desenvolvimento Julho 2008 \/ Junho 2012\u00a0PRIMAVERA BSS Desenvolvimento de software: Web-based Applications baseadas na framework Primavera (.NET) Janeiro 2005 \/ Junho 2008\u00a0Infos S.A. Desenvolvimento de software: Web-based Applications | Aplica\u00e7\u00f5es desktop (.NET, win32) Ferramentas di\u00e1rias: Visual Studio 2005, SQL 2005, [&hellip;]<\/p>\n","protected":false},"author":1,"featured_media":0,"parent":0,"menu_order":0,"comment_status":"open","ping_status":"open","template":"","meta":{"footnotes":""},"class_list":["post-2962","page","type-page","status-publish","hentry"],"yoast_head":"<!-- This site is optimized with the Yoast SEO plugin v27.4 - https:\/\/yoast.com\/product\/yoast-seo-wordpress\/ -->\n<title>Curriculo - Os Meus Apontamentos<\/title>\n<meta name=\"robots\" content=\"index, follow, max-snippet:-1, max-image-preview:large, max-video-preview:-1\" \/>\n<link rel=\"canonical\" href=\"https:\/\/osmeusapontamentos.com\/index.php\/about-2\/\" \/>\n<meta property=\"og:locale\" content=\"pt_PT\" \/>\n<meta property=\"og:type\" content=\"article\" \/>\n<meta property=\"og:title\" content=\"Curriculo - Os Meus Apontamentos\" \/>\n<meta property=\"og:description\" content=\"Perfil no Linkedin:\u00a0http:\/\/pt.linkedin.com\/in\/vitormrsilva Experi\u00eancia profissional Junho 2012 \/ Hoje\u00a0Samsys Gest\u00e3o da equipa de Comunica\u00e7\u00e3o e Desenvolvimento Julho 2008 \/ Junho 2012\u00a0PRIMAVERA BSS Desenvolvimento de software: Web-based Applications baseadas na framework Primavera (.NET) Janeiro 2005 \/ Junho 2008\u00a0Infos S.A. Desenvolvimento de software: Web-based Applications | Aplica\u00e7\u00f5es desktop (.NET, win32) Ferramentas di\u00e1rias: Visual Studio 2005, SQL 2005, [&hellip;]\" \/>\n<meta property=\"og:url\" content=\"https:\/\/osmeusapontamentos.com\/index.php\/about-2\/\" \/>\n<meta property=\"og:site_name\" content=\"Os Meus Apontamentos\" \/>\n<meta name=\"twitter:card\" content=\"summary_large_image\" \/>\n<meta name=\"twitter:site\" content=\"@vitorsilva\" \/>\n<meta name=\"twitter:label1\" content=\"Tempo estimado de leitura\" \/>\n\t<meta name=\"twitter:data1\" content=\"2 minutos\" \/>\n<script type=\"application\/ld+json\" class=\"yoast-schema-graph\">{\"@context\":\"https:\\\/\\\/schema.org\",\"@graph\":[{\"@type\":\"WebPage\",\"@id\":\"https:\\\/\\\/osmeusapontamentos.com\\\/index.php\\\/about-2\\\/\",\"url\":\"https:\\\/\\\/osmeusapontamentos.com\\\/index.php\\\/about-2\\\/\",\"name\":\"Curriculo - Os Meus Apontamentos\",\"isPartOf\":{\"@id\":\"https:\\\/\\\/osmeusapontamentos.com\\\/#website\"},\"datePublished\":\"2008-02-18T23:24:11+00:00\",\"breadcrumb\":{\"@id\":\"https:\\\/\\\/osmeusapontamentos.com\\\/index.php\\\/about-2\\\/#breadcrumb\"},\"inLanguage\":\"pt-PT\",\"potentialAction\":[{\"@type\":\"ReadAction\",\"target\":[\"https:\\\/\\\/osmeusapontamentos.com\\\/index.php\\\/about-2\\\/\"]}]},{\"@type\":\"BreadcrumbList\",\"@id\":\"https:\\\/\\\/osmeusapontamentos.com\\\/index.php\\\/about-2\\\/#breadcrumb\",\"itemListElement\":[{\"@type\":\"ListItem\",\"position\":1,\"name\":\"In\u00edcio\",\"item\":\"https:\\\/\\\/osmeusapontamentos.com\\\/\"},{\"@type\":\"ListItem\",\"position\":2,\"name\":\"Curriculo\"}]},{\"@type\":\"WebSite\",\"@id\":\"https:\\\/\\\/osmeusapontamentos.com\\\/#website\",\"url\":\"https:\\\/\\\/osmeusapontamentos.com\\\/\",\"name\":\"Os Meus Apontamentos\",\"description\":\"\",\"publisher\":{\"@id\":\"https:\\\/\\\/osmeusapontamentos.com\\\/#\\\/schema\\\/person\\\/d508df9c3ffc8b4e64a18dbf0ba18dd8\"},\"potentialAction\":[{\"@type\":\"SearchAction\",\"target\":{\"@type\":\"EntryPoint\",\"urlTemplate\":\"https:\\\/\\\/osmeusapontamentos.com\\\/?s={search_term_string}\"},\"query-input\":{\"@type\":\"PropertyValueSpecification\",\"valueRequired\":true,\"valueName\":\"search_term_string\"}}],\"inLanguage\":\"pt-PT\"},{\"@type\":[\"Person\",\"Organization\"],\"@id\":\"https:\\\/\\\/osmeusapontamentos.com\\\/#\\\/schema\\\/person\\\/d508df9c3ffc8b4e64a18dbf0ba18dd8\",\"name\":\"Vitor Silva\",\"image\":{\"@type\":\"ImageObject\",\"inLanguage\":\"pt-PT\",\"@id\":\"https:\\\/\\\/secure.gravatar.com\\\/avatar\\\/f81f58ad909e8a213ab0a690f6ed65e5c0e0e2274bf35ac49ff31d7988d483ce?s=96&d=mm&r=g\",\"url\":\"https:\\\/\\\/secure.gravatar.com\\\/avatar\\\/f81f58ad909e8a213ab0a690f6ed65e5c0e0e2274bf35ac49ff31d7988d483ce?s=96&d=mm&r=g\",\"contentUrl\":\"https:\\\/\\\/secure.gravatar.com\\\/avatar\\\/f81f58ad909e8a213ab0a690f6ed65e5c0e0e2274bf35ac49ff31d7988d483ce?s=96&d=mm&r=g\",\"caption\":\"Vitor Silva\"},\"logo\":{\"@id\":\"https:\\\/\\\/secure.gravatar.com\\\/avatar\\\/f81f58ad909e8a213ab0a690f6ed65e5c0e0e2274bf35ac49ff31d7988d483ce?s=96&d=mm&r=g\"},\"sameAs\":[\"https:\\\/\\\/www.linkedin.com\\\/in\\\/vitormrsilva\",\"https:\\\/\\\/x.com\\\/vitorsilva\"]}]}<\/script>\n<!-- \/ Yoast SEO plugin. -->","yoast_head_json":{"title":"Curriculo - Os Meus Apontamentos","robots":{"index":"index","follow":"follow","max-snippet":"max-snippet:-1","max-image-preview":"max-image-preview:large","max-video-preview":"max-video-preview:-1"},"canonical":"https:\/\/osmeusapontamentos.com\/index.php\/about-2\/","og_locale":"pt_PT","og_type":"article","og_title":"Curriculo - Os Meus Apontamentos","og_description":"Perfil no Linkedin:\u00a0http:\/\/pt.linkedin.com\/in\/vitormrsilva Experi\u00eancia profissional Junho 2012 \/ Hoje\u00a0Samsys Gest\u00e3o da equipa de Comunica\u00e7\u00e3o e Desenvolvimento Julho 2008 \/ Junho 2012\u00a0PRIMAVERA BSS Desenvolvimento de software: Web-based Applications baseadas na framework Primavera (.NET) Janeiro 2005 \/ Junho 2008\u00a0Infos S.A. Desenvolvimento de software: Web-based Applications | Aplica\u00e7\u00f5es desktop (.NET, win32) Ferramentas di\u00e1rias: Visual Studio 2005, SQL 2005, [&hellip;]","og_url":"https:\/\/osmeusapontamentos.com\/index.php\/about-2\/","og_site_name":"Os Meus Apontamentos","twitter_card":"summary_large_image","twitter_site":"@vitorsilva","twitter_misc":{"Tempo estimado de leitura":"2 minutos"},"schema":{"@context":"https:\/\/schema.org","@graph":[{"@type":"WebPage","@id":"https:\/\/osmeusapontamentos.com\/index.php\/about-2\/","url":"https:\/\/osmeusapontamentos.com\/index.php\/about-2\/","name":"Curriculo - Os Meus Apontamentos","isPartOf":{"@id":"https:\/\/osmeusapontamentos.com\/#website"},"datePublished":"2008-02-18T23:24:11+00:00","breadcrumb":{"@id":"https:\/\/osmeusapontamentos.com\/index.php\/about-2\/#breadcrumb"},"inLanguage":"pt-PT","potentialAction":[{"@type":"ReadAction","target":["https:\/\/osmeusapontamentos.com\/index.php\/about-2\/"]}]},{"@type":"BreadcrumbList","@id":"https:\/\/osmeusapontamentos.com\/index.php\/about-2\/#breadcrumb","itemListElement":[{"@type":"ListItem","position":1,"name":"In\u00edcio","item":"https:\/\/osmeusapontamentos.com\/"},{"@type":"ListItem","position":2,"name":"Curriculo"}]},{"@type":"WebSite","@id":"https:\/\/osmeusapontamentos.com\/#website","url":"https:\/\/osmeusapontamentos.com\/","name":"Os Meus Apontamentos","description":"","publisher":{"@id":"https:\/\/osmeusapontamentos.com\/#\/schema\/person\/d508df9c3ffc8b4e64a18dbf0ba18dd8"},"potentialAction":[{"@type":"SearchAction","target":{"@type":"EntryPoint","urlTemplate":"https:\/\/osmeusapontamentos.com\/?s={search_term_string}"},"query-input":{"@type":"PropertyValueSpecification","valueRequired":true,"valueName":"search_term_string"}}],"inLanguage":"pt-PT"},{"@type":["Person","Organization"],"@id":"https:\/\/osmeusapontamentos.com\/#\/schema\/person\/d508df9c3ffc8b4e64a18dbf0ba18dd8","name":"Vitor Silva","image":{"@type":"ImageObject","inLanguage":"pt-PT","@id":"https:\/\/secure.gravatar.com\/avatar\/f81f58ad909e8a213ab0a690f6ed65e5c0e0e2274bf35ac49ff31d7988d483ce?s=96&d=mm&r=g","url":"https:\/\/secure.gravatar.com\/avatar\/f81f58ad909e8a213ab0a690f6ed65e5c0e0e2274bf35ac49ff31d7988d483ce?s=96&d=mm&r=g","contentUrl":"https:\/\/secure.gravatar.com\/avatar\/f81f58ad909e8a213ab0a690f6ed65e5c0e0e2274bf35ac49ff31d7988d483ce?s=96&d=mm&r=g","caption":"Vitor Silva"},"logo":{"@id":"https:\/\/secure.gravatar.com\/avatar\/f81f58ad909e8a213ab0a690f6ed65e5c0e0e2274bf35ac49ff31d7988d483ce?s=96&d=mm&r=g"},"sameAs":["https:\/\/www.linkedin.com\/in\/vitormrsilva","https:\/\/x.com\/vitorsilva"]}]}},"_links":{"self":[{"href":"https:\/\/osmeusapontamentos.com\/index.php\/wp-json\/wp\/v2\/pages\/2962","targetHints":{"allow":["GET"]}}],"collection":[{"href":"https:\/\/osmeusapontamentos.com\/index.php\/wp-json\/wp\/v2\/pages"}],"about":[{"href":"https:\/\/osmeusapontamentos.com\/index.php\/wp-json\/wp\/v2\/types\/page"}],"author":[{"embeddable":true,"href":"https:\/\/osmeusapontamentos.com\/index.php\/wp-json\/wp\/v2\/users\/1"}],"replies":[{"embeddable":true,"href":"https:\/\/osmeusapontamentos.com\/index.php\/wp-json\/wp\/v2\/comments?post=2962"}],"version-history":[{"count":0,"href":"https:\/\/osmeusapontamentos.com\/index.php\/wp-json\/wp\/v2\/pages\/2962\/revisions"}],"wp:attachment":[{"href":"https:\/\/osmeusapontamentos.com\/index.php\/wp-json\/wp\/v2\/media?parent=2962"}],"curies":[{"name":"wp","href":"https:\/\/api.w.org\/{rel}","templated":true}]}}